{"id":349,"date":"2020-02-26T23:01:40","date_gmt":"2020-02-26T22:01:40","guid":{"rendered":"https:\/\/ciastagodynice.pl\/?page_id=349"},"modified":"2020-05-28T00:13:40","modified_gmt":"2020-05-27T22:13:40","slug":"desery","status":"publish","type":"page","link":"https:\/\/ciastagodynice.pl\/?page_id=349","title":{"rendered":"Desery"},"content":{"rendered":"\t\t<div data-elementor-type=\"wp-page\" data-elementor-id=\"349\" class=\"elementor elementor-349\" data-elementor-settings=\"[]\">\n\t\t\t\t\t\t<div class=\"elementor-inner\">\n\t\t\t\t\t\t\t<div class=\"elementor-section-wrap\">\n\t\t\t\t\t\t\t<section class=\"elementor-section elementor-top-section elementor-element elementor-element-eb31442 elementor-section-boxed elementor-section-height-default elementor-section-height-default\" data-id=\"eb31442\" data-element_type=\"section\">\n\t\t\t\t\t\t<div class=\"elementor-container elementor-column-gap-default\">\n\t\t\t\t\t\t\t<div class=\"elementor-row\">\n\t\t\t\t\t<div class=\"aux-parallax-section elementor-column elementor-col-100 elementor-top-column elementor-element elementor-element-2eb59a0\" data-id=\"2eb59a0\" data-element_type=\"column\">\n\t\t\t<div class=\"elementor-column-wrap elementor-element-populated\">\n\t\t\t\t\t\t\t<div class=\"elementor-widget-wrap\">\n\t\t\t\t\t\t<div class=\"elementor-element elementor-element-c535820 elementor-widget elementor-widget-heading\" data-id=\"c535820\" data-element_type=\"widget\" data-widget_type=\"heading.default\">\n\t\t\t\t<div class=\"elementor-widget-container\">\n\t\t\t<h2 class=\"elementor-heading-title elementor-size-default\">Pojawi\u0105 si\u0119 wkr\u00f3tce!<\/h2>\t\t<\/div>\n\t\t\t\t<\/div>\n\t\t\t\t\t\t<\/div>\n\t\t\t\t\t<\/div>\n\t\t<\/div>\n\t\t\t\t\t\t\t\t<\/div>\n\t\t\t\t\t<\/div>\n\t\t<\/section>\n\t\t\t\t\t\t<\/div>\n\t\t\t\t\t\t<\/div>\n\t\t\t\t\t<\/div>\n\t\t","protected":false},"excerpt":{"rendered":"<p>Pojawi\u0105 si\u0119 wkr\u00f3tce!<\/p>\n","protected":false},"author":1,"featured_media":0,"parent":0,"menu_order":0,"comment_status":"closed","ping_status":"closed","template":"","meta":[],"yoast_head":"<!-- This site is optimized with the Yoast SEO plugin v20.0 - https:\/\/yoast.com\/wordpress\/plugins\/seo\/ -->\n<title>Desery - Ciasta Godynice<\/title>\n<meta name=\"robots\" content=\"index, follow, max-snippet:-1, max-image-preview:large, max-video-preview:-1\" \/>\n<link rel=\"canonical\" href=\"https:\/\/ciastagodynice.pl\/?page_id=349\" \/>\n<meta property=\"og:locale\" content=\"pl_PL\" \/>\n<meta property=\"og:type\" content=\"article\" \/>\n<meta property=\"og:title\" content=\"Desery - Ciasta Godynice\" \/>\n<meta property=\"og:description\" content=\"Pojawi\u0105 si\u0119 wkr\u00f3tce!\" \/>\n<meta property=\"og:url\" content=\"https:\/\/ciastagodynice.pl\/?page_id=349\" \/>\n<meta property=\"og:site_name\" content=\"Ciasta Godynice\" \/>\n<meta property=\"article:publisher\" content=\"https:\/\/www.facebook.com\/Cukiernia-Godynice-Krystyna-Szymanek-313379605433158\/\" \/>\n<meta property=\"article:modified_time\" content=\"2020-05-27T22:13:40+00:00\" \/>\n<meta name=\"twitter:card\" content=\"summary_large_image\" \/>\n<script type=\"application\/ld+json\" class=\"yoast-schema-graph\">{\"@context\":\"https:\/\/schema.org\",\"@graph\":[{\"@type\":\"WebPage\",\"@id\":\"https:\/\/ciastagodynice.pl\/?page_id=349\",\"url\":\"https:\/\/ciastagodynice.pl\/?page_id=349\",\"name\":\"Desery - Ciasta Godynice\",\"isPartOf\":{\"@id\":\"https:\/\/ciastagodynice.pl\/#website\"},\"datePublished\":\"2020-02-26T22:01:40+00:00\",\"dateModified\":\"2020-05-27T22:13:40+00:00\",\"breadcrumb\":{\"@id\":\"https:\/\/ciastagodynice.pl\/?page_id=349#breadcrumb\"},\"inLanguage\":\"pl-PL\",\"potentialAction\":[{\"@type\":\"ReadAction\",\"target\":[\"https:\/\/ciastagodynice.pl\/?page_id=349\"]}]},{\"@type\":\"BreadcrumbList\",\"@id\":\"https:\/\/ciastagodynice.pl\/?page_id=349#breadcrumb\",\"itemListElement\":[{\"@type\":\"ListItem\",\"position\":1,\"name\":\"Strona g\u0142\u00f3wna\",\"item\":\"https:\/\/ciastagodynice.pl\/\"},{\"@type\":\"ListItem\",\"position\":2,\"name\":\"Desery\"}]},{\"@type\":\"WebSite\",\"@id\":\"https:\/\/ciastagodynice.pl\/#website\",\"url\":\"https:\/\/ciastagodynice.pl\/\",\"name\":\"Ciasta Godynice\",\"description\":\"Ciasta jak w domu\",\"potentialAction\":[{\"@type\":\"SearchAction\",\"target\":{\"@type\":\"EntryPoint\",\"urlTemplate\":\"https:\/\/ciastagodynice.pl\/?s={search_term_string}\"},\"query-input\":\"required name=search_term_string\"}],\"inLanguage\":\"pl-PL\"}]}<\/script>\n<!-- \/ Yoast SEO plugin. -->","yoast_head_json":{"title":"Desery - Ciasta Godynice","robots":{"index":"index","follow":"follow","max-snippet":"max-snippet:-1","max-image-preview":"max-image-preview:large","max-video-preview":"max-video-preview:-1"},"canonical":"https:\/\/ciastagodynice.pl\/?page_id=349","og_locale":"pl_PL","og_type":"article","og_title":"Desery - Ciasta Godynice","og_description":"Pojawi\u0105 si\u0119 wkr\u00f3tce!","og_url":"https:\/\/ciastagodynice.pl\/?page_id=349","og_site_name":"Ciasta Godynice","article_publisher":"https:\/\/www.facebook.com\/Cukiernia-Godynice-Krystyna-Szymanek-313379605433158\/","article_modified_time":"2020-05-27T22:13:40+00:00","twitter_card":"summary_large_image","schema":{"@context":"https:\/\/schema.org","@graph":[{"@type":"WebPage","@id":"https:\/\/ciastagodynice.pl\/?page_id=349","url":"https:\/\/ciastagodynice.pl\/?page_id=349","name":"Desery - Ciasta Godynice","isPartOf":{"@id":"https:\/\/ciastagodynice.pl\/#website"},"datePublished":"2020-02-26T22:01:40+00:00","dateModified":"2020-05-27T22:13:40+00:00","breadcrumb":{"@id":"https:\/\/ciastagodynice.pl\/?page_id=349#breadcrumb"},"inLanguage":"pl-PL","potentialAction":[{"@type":"ReadAction","target":["https:\/\/ciastagodynice.pl\/?page_id=349"]}]},{"@type":"BreadcrumbList","@id":"https:\/\/ciastagodynice.pl\/?page_id=349#breadcrumb","itemListElement":[{"@type":"ListItem","position":1,"name":"Strona g\u0142\u00f3wna","item":"https:\/\/ciastagodynice.pl\/"},{"@type":"ListItem","position":2,"name":"Desery"}]},{"@type":"WebSite","@id":"https:\/\/ciastagodynice.pl\/#website","url":"https:\/\/ciastagodynice.pl\/","name":"Ciasta Godynice","description":"Ciasta jak w domu","potentialAction":[{"@type":"SearchAction","target":{"@type":"EntryPoint","urlTemplate":"https:\/\/ciastagodynice.pl\/?s={search_term_string}"},"query-input":"required name=search_term_string"}],"inLanguage":"pl-PL"}]}},"_links":{"self":[{"href":"https:\/\/ciastagodynice.pl\/index.php?rest_route=\/wp\/v2\/pages\/349"}],"collection":[{"href":"https:\/\/ciastagodynice.pl\/index.php?rest_route=\/wp\/v2\/pages"}],"about":[{"href":"https:\/\/ciastagodynice.pl\/index.php?rest_route=\/wp\/v2\/types\/page"}],"author":[{"embeddable":true,"href":"https:\/\/ciastagodynice.pl\/index.php?rest_route=\/wp\/v2\/users\/1"}],"replies":[{"embeddable":true,"href":"https:\/\/ciastagodynice.pl\/index.php?rest_route=%2Fwp%2Fv2%2Fcomments&post=349"}],"version-history":[{"count":3,"href":"https:\/\/ciastagodynice.pl\/index.php?rest_route=\/wp\/v2\/pages\/349\/revisions"}],"predecessor-version":[{"id":1200,"href":"https:\/\/ciastagodynice.pl\/index.php?rest_route=\/wp\/v2\/pages\/349\/revisions\/1200"}],"wp:attachment":[{"href":"https:\/\/ciastagodynice.pl\/index.php?rest_route=%2Fwp%2Fv2%2Fmedia&parent=349"}],"curies":[{"name":"wp","href":"https:\/\/api.w.org\/{rel}","templated":true}]}}